{"id":1518,"date":"2026-01-07T05:43:25","date_gmt":"2026-01-07T05:43:25","guid":{"rendered":"https:\/\/noithatdangngoc.com\/?post_type=product&#038;p=1518"},"modified":"2026-01-07T05:43:25","modified_gmt":"2026-01-07T05:43:25","slug":"tu-giay-phoi-mau-trang-co-ngan-keo-noi-that-dang-ngoc","status":"publish","type":"product","link":"https:\/\/noithatdangngoc.com\/index.php\/san-pham\/tu-giay-phoi-mau-trang-co-ngan-keo-noi-that-dang-ngoc\/","title":{"rendered":"T\u1ee7 Gi\u00e0y Ph\u1ed1i M\u00e0u Tr\u1eafng C\u00f3 Ng\u0103n K\u00e9o &#8211; N\u1ed9i Th\u1ea5t \u0110\u1eb7ng Ng\u1ecdc"},"content":{"rendered":"<p>Nh\u00e0 s\u1ea1ch th\u00ec m\u00e1t, b\u00e1t s\u1ea1ch th\u00ec ngon&#8221; \u2013 M\u1ed9t ng\u00f4i nh\u00e0 \u0111\u1eb9p b\u1eaft \u0111\u1ea7u ngay t\u1eeb l\u1ed1i v\u00e0o g\u1ecdn g\u00e0ng. <strong>T\u1ee7 gi\u00e0y d\u00e9p<\/strong> kh\u00f4ng ch\u1ec9 l\u00e0 n\u01a1i c\u1ea5t gi\u1eef gi\u00e0y m\u00e0 c\u00f2n l\u00e0 m\u00f3n n\u1ed9i th\u1ea5t \u0111\u1ea7u ti\u00ean g\u00e2y \u1ea5n t\u01b0\u1ee3ng v\u1edbi kh\u00e1ch \u0111\u1ebfn ch\u01a1i nh\u00e0.<\/p>\n<p>T\u1ea1i <strong>N\u1ed9i Th\u1ea5t \u0110\u1eb7ng Ng\u1ecdc<\/strong>, ch\u00fang t\u00f4i mang \u0111\u1ebfn b\u1ed9 s\u01b0u t\u1eadp t\u1ee7 gi\u00e0y th\u00f4ng minh. S\u1ea3n ph\u1ea9m gi\u00fap gi\u1ea3i quy\u1ebft tri\u1ec7t \u0111\u1ec3 t\u00ecnh tr\u1ea1ng gi\u00e0y d\u00e9p l\u1ed9n x\u1ed9n, tr\u1ea3 l\u1ea1i kh\u00f4ng gian s\u1ea3nh ch\u1edd sang tr\u1ecdng v\u00e0 s\u1ea1ch s\u1ebd.<\/p>\n<h2><strong>1. S\u1ee9c ch\u1ee9a kh\u1ee7ng t\u1ee7<\/strong><strong> gi\u00e0y <\/strong><strong>\u2013 &#8220;Gi\u1ea3i c\u1ee9u&#8221; l\u1ed1i \u0111i<\/strong><\/h2>\n<p>D\u00f9 b\u1ea1n s\u1edf h\u1eefu h\u00e0ng ch\u1ee5c \u0111\u00f4i gi\u00e0y hay gia \u0111\u00ecnh \u0111\u00f4ng th\u00e0nh vi\u00ean, c\u00e1c m\u1eabu t\u1ee7 c\u1ee7a ch\u00fang t\u00f4i \u0111\u1ec1u \u0111\u00e1p \u1ee9ng ho\u00e0n h\u1ea3o:<\/p>\n<ul>\n<li><strong>T\u1ee7 gi\u00e0y th\u00f4ng minh (C\u00e1nh l\u1eadt):<\/strong> Thi\u1ebft k\u1ebf r\u1ebb qu\u1ea1t \u0111\u1ed9c \u0111\u00e1o gi\u00fap nh\u00e2n \u0111\u00f4i, nh\u00e2n ba s\u1ee9c ch\u1ee9a so v\u1edbi t\u1ee7 truy\u1ec1n th\u1ed1ng. B\u1ea1n c\u00f3 th\u1ec3 c\u1ea5t g\u1ecdn 20-30 \u0111\u00f4i gi\u00e0y trong m\u1ed9t chi\u1ebfc t\u1ee7 nh\u1ecf g\u1ecdn.<\/li>\n<li><strong>Ng\u0103n ch\u1ee9a linh ho\u1ea1t:<\/strong> C\u00e1c \u0111\u1ee3t g\u1ed7 b\u00ean trong c\u00f3 th\u1ec3 \u0111i\u1ec1u ch\u1ec9nh \u0111\u1ed9 cao. B\u1ea1n tho\u1ea3i m\u00e1i c\u1ea5t gi\u1eef t\u1eeb gi\u00e0y b\u1ec7t, gi\u00e0y th\u1ec3 thao \u0111\u1ebfn nh\u1eefng \u0111\u00f4i Boot cao c\u1ed5 hay gi\u00e0y cao g\u00f3t m\u00e0 kh\u00f4ng lo b\u1ecb m\u1ea5t phom d\u00e1ng.<\/li>\n<\/ul>\n<h2><strong>2. Ti\u1ec7n \u00edch v\u01b0\u1ee3t tr\u1ed9i c\u1ee7a t\u1ee7 gi\u00e0y \u2013 H\u01a1n c\u1ea3 m\u1ed9t chi\u1ebfc t\u1ee7<\/strong><\/h2>\n<p>Ch\u00fang t\u00f4i t\u00edch h\u1ee3p nhi\u1ec1u c\u00f4ng n\u0103ng v\u00e0o m\u1ed9t s\u1ea3n ph\u1ea9m \u0111\u1ec3 t\u1ed1i \u01b0u tr\u1ea3i nghi\u1ec7m ng\u01b0\u1eddi d\u00f9ng:<\/p>\n<ul>\n<li><strong>H\u1ec7 th\u1ed1ng tho\u00e1ng kh\u00ed:<\/strong> Thi\u1ebft k\u1ebf c\u00e1c khe tho\u00e1ng ho\u1eb7c l\u1ed7 th\u00f4ng h\u01a1i ph\u00eda sau t\u1ee7. \u0110i\u1ec1u n\u00e0y gi\u00fap kh\u00f4ng kh\u00ed l\u01b0u th\u00f4ng, h\u1ea1n ch\u1ebf t\u1ed1i \u0111a m\u00f9i h\u00f4i v\u00e0 n\u1ea5m m\u1ed1c ph\u00e1t sinh b\u00ean trong.<\/li>\n<li><strong>\u0110a n\u0103ng ti\u1ec7n d\u1ee5ng:<\/strong> Nhi\u1ec1u m\u1eabu t\u1ee7 \u0111i k\u00e8m gh\u1ebf ng\u1ed3i \u00eam \u00e1i (gi\u00fap vi\u1ec7c x\u1ecf gi\u00e0y d\u1ec5 d\u00e0ng h\u01a1n) ho\u1eb7c c\u00e1c ng\u0103n h\u1edf \u0111\u1ec3 m\u0169 b\u1ea3o hi\u1ec3m, ch\u00eca kh\u00f3a, \u00f4 d\u00f9 c\u1ef1c k\u1ef3 ti\u1ec7n l\u1ee3i cho th\u00f3i quen ng\u01b0\u1eddi Vi\u1ec7t.<\/li>\n<\/ul>\n<h2><strong>3. Ch\u1ea5t li\u1ec7u MDF ch\u1ed1ng \u1ea9m \u2013 B\u1ec1n b\u1ec9, Ch\u1ecbu l\u1ef1c t\u1ed1t<\/strong><\/h2>\n<p>Gi\u00e0y d\u00e9p \u0111i ngo\u00e0i \u0111\u01b0\u1eddng th\u01b0\u1eddng mang theo b\u1ee5i b\u1ea9n v\u00e0 \u0111\u1ed9 \u1ea9m. V\u00ec v\u1eady, ch\u1ea5t li\u1ec7u t\u1ee7 \u0111\u01b0\u1ee3c ch\u00fang t\u00f4i l\u1ef1a ch\u1ecdn r\u1ea5t k\u1ef9:<\/p>\n<ul>\n<li><strong>G\u1ed7 MDF l\u00f5i xanh cao c\u1ea5p:<\/strong> Kh\u1ea3 n\u0103ng ch\u1ed1ng \u1ea9m v\u00e0 ch\u1ed1ng m\u1ed1i m\u1ecdt tuy\u1ec7t v\u1eddi. T\u1ee7 kh\u00f4ng b\u1ecb cong v\u00eanh hay bong tr\u00f3c d\u00f9 \u0111\u1eb7t \u1edf v\u1ecb tr\u00ed g\u1ea7n c\u1eeda ra v\u00e0o c\u00f3 \u0111\u1ed9 \u1ea9m cao.<\/li>\n<li><strong>B\u1ec1 m\u1eb7t Melamine\/Laminate:<\/strong> Ch\u1ed1ng tr\u1ea7y x\u01b0\u1edbc v\u00e0 r\u1ea5t d\u1ec5 lau ch\u00f9i. B\u1ea1n ch\u1ec9 c\u1ea7n d\u00f9ng kh\u0103n \u1ea9m lau nh\u1eb9 l\u00e0 t\u1ee7 l\u1ea1i s\u00e1ng b\u00f3ng nh\u01b0 m\u1edbi.<\/li>\n<\/ul>\n<h2><strong>4. \u0110\u1eb7c quy\u1ec1n ri\u00eang: May \u0111o K\u00edch th\u01b0\u1edbc &amp; M\u00e0u s\u1eafc<\/strong><\/h2>\n<p>M\u1ed7i ng\u00f4i nh\u00e0 c\u00f3 m\u1ed9t di\u1ec7n t\u00edch s\u1ea3nh kh\u00e1c nhau (\u0111\u1eb7c bi\u1ec7t l\u00e0 chung c\u01b0). N\u1ed9i Th\u1ea5t \u0110\u1eb7ng Ng\u1ecdc gi\u00fap b\u1ea1n t\u1eadn d\u1ee5ng t\u1eebng centimet:<\/p>\n<ul>\n<li><strong>\u0110o \u0111\u1ea1c t\u1eadn n\u01a1i:<\/strong> Ch\u00fang t\u00f4i nh\u1eadn \u0111\u00f3ng t\u1ee7 gi\u00e0y k\u1ecbch tr\u1ea7n ho\u1eb7c t\u1ee7 \u00e2m t\u01b0\u1eddng theo k\u00edch th\u01b0\u1edbc th\u1ef1c t\u1ebf \u0111\u1ec3 che \u0111i c\u00e1c g\u00f3c ch\u1ebft c\u1ee7a ng\u00f4i nh\u00e0.<\/li>\n<li><strong>Ph\u1ed1i m\u00e0u th\u1ea9m m\u1ef9:<\/strong> B\u1ea1n c\u00f3 th\u1ec3 ch\u1ecdn m\u00e0u t\u1ee7 tr\u00f9ng v\u1edbi m\u00e0u s\u00e0n g\u1ed7 ho\u1eb7c m\u00e0u s\u01a1n t\u01b0\u1eddng \u0111\u1ec3 t\u1ea1o n\u00ean s\u1ef1 h\u00e0i h\u00f2a t\u1ed5ng th\u1ec3.<\/li>\n<\/ul>\n<h2><strong>5. Th\u00f4ng s\u1ed1 k\u1ef9 thu\u1eadt chung<\/strong><\/h2>\n<ul>\n<li><strong>Th\u01b0\u01a1ng hi\u1ec7u:<\/strong> N\u1ed9i Th\u1ea5t \u0110\u1eb7ng Ng\u1ecdc.<\/li>\n<li><strong>S\u1ea3n ph\u1ea9m:<\/strong> T\u1ee7 gi\u00e0y th\u00f4ng minh \/ T\u1ee7 gi\u00e0y c\u00e1nh m\u1edf \/ T\u1ee7 gi\u00e0y k\u1ecbch tr\u1ea7n.<\/li>\n<li><strong>Ch\u1ea5t li\u1ec7u:<\/strong> G\u1ed7 MDF l\u00f5i xanh ch\u1ed1ng \u1ea9m Th\u00e1i Lan\/An C\u01b0\u1eddng.<\/li>\n<li><strong>K\u00edch th\u01b0\u1edbc ph\u1ed5 bi\u1ebfn:<\/strong>\n<ul>\n<li>Chi\u1ec1u r\u1ed9ng: 80cm \u2013 1m \u2013 1m2 \u2013 1m4&#8230;<\/li>\n<li>Chi\u1ec1u cao: 1m1 \u2013 1m2 (Ho\u1eb7c \u0111\u00f3ng k\u1ecbch tr\u1ea7n).<\/li>\n<li>Chi\u1ec1u s\u00e2u: 30cm \u2013 35cm (Si\u00eau ti\u1ebft ki\u1ec7m di\u1ec7n t\u00edch).<\/li>\n<\/ul>\n<\/li>\n<li><strong>B\u1ea3o h\u00e0nh:<\/strong> 12 th\u00e1ng, b\u1ea3o tr\u00ec tr\u1ecdn \u0111\u1eddi.<\/li>\n<\/ul>\n<h2><strong>6. Li\u00ean h\u1ec7 t\u01b0 v\u1ea5n &amp; B\u00e1o gi\u00e1 t\u1ee7 gi\u00e0y t\u1ea1i x\u01b0\u1edfng<\/strong><\/h2>\n<p>\u0110\u1eebng \u0111\u1ec3 nh\u1eefng \u0111\u00f4i gi\u00e0y l\u1ed9n x\u1ed9n l\u00e0m m\u1ea5t \u0111i\u1ec3m ng\u00f4i nh\u00e0 c\u1ee7a b\u1ea1n. Li\u00ean h\u1ec7 ngay v\u1edbi N\u1ed9i Th\u1ea5t \u0110\u1eb7ng Ng\u1ecdc \u0111\u1ec3 s\u1edf h\u1eefu chi\u1ebfc t\u1ee7 gi\u00e0y \u01b0ng \u00fd v\u1edbi gi\u00e1 g\u1ed1c!<\/p>\n<ul>\n<li>\ud83d\udcde <strong>Hotline \/ Zalo:<\/strong> <strong>0379.793.956 \u2013 0379.946.639<\/strong><\/li>\n<li>\ud83d\udccd <strong>N\u1ed9i Th\u1ea5t \u0110\u1eb7ng Ng\u1ecdc<\/strong> \u2013 Uy t\u00edn t\u1ea1o n\u00ean th\u01b0\u01a1ng hi\u1ec7u.<\/li>\n<\/ul>\n","protected":false},"excerpt":{"rendered":"<p data-path-to-node=\"2\">S\u1ea3n ph\u1ea9m \u0111\u01b0\u1ee3c\u00a0<b>N\u1ed9i Th\u1ea5t \u0110\u1eb7ng Ng\u1ecdc<\/b>\u00a0s\u1ea3n xu\u1ea5t tr\u1ef1c ti\u1ebfp, t\u1ed1i \u01b0u c\u00f4ng n\u0103ng l\u01b0u tr\u1eef cho m\u1ecdi kh\u00f4ng gian t\u1eeb Gia \u0111\u00ecnh, V\u0103n ph\u00f2ng \u0111\u1ebfn Spa\/Showroom.<\/p>\n<ul>\n<li data-path-to-node=\"2\"><strong>K\u00edch th\u01b0\u1edbc chu\u1ea9n:<\/strong>\u00a0Cao 1M, D\u00e0i 80CM, S\u00e2u 35CM<\/li>\n<li data-path-to-node=\"2\"><b>Ch\u1ea5t li\u1ec7u:<\/b>\u00a0G\u1ed7 MDF l\u00f5i xanh cao c\u1ea5p, ph\u1ee7 Melamine ch\u1ed1ng tr\u1ea7y x\u01b0\u1edbc, ch\u1ed1ng \u1ea9m v\u00e0 cong v\u00eanh.<\/li>\n<li data-path-to-node=\"2\"><b>May \u0111o theo y\u00eau c\u1ea7u:<\/b>\u00a0Nh\u1eadn \u0111\u00f3ng theo k\u00edch th\u01b0\u1edbc th\u1ef1c t\u1ebf v\u00e0 ph\u1ed1i m\u00e0u t\u00f9y \u00fd \u0111\u1ec3 h\u1ee3p phong th\u1ee7y\/logo th\u01b0\u01a1ng hi\u1ec7u.<\/li>\n<li data-path-to-node=\"2\"><b>D\u1ecbch v\u1ee5 \u0111\u1eb7c bi\u1ec7t:<\/b>\u00a0H\u1ed7 tr\u1ee3\u00a0<b>l\u00ean thi\u1ebft k\u1ebf 3D<\/b>\u00a0\u0111\u1ec3 kh\u00e1ch xem tr\u01b0\u1edbc khi thi c\u00f4ng.<\/li>\n<li data-path-to-node=\"2\"><b>Cam k\u1ebft:<\/b>\u00a0K\u1ebft c\u1ea5u ch\u1eafc ch\u1eafn, b\u1ea3o h\u00e0nh 12 th\u00e1ng.<\/li>\n<\/ul>\n","protected":false},"featured_media":1488,"comment_status":"open","ping_status":"closed","template":"","meta":[],"product_brand":[],"product_cat":[80,99],"product_tag":[87],"class_list":{"0":"post-1518","1":"product","2":"type-product","3":"status-publish","4":"has-post-thumbnail","6":"product_cat-noi-that-gia-dinh","7":"product_cat-tu-giay","8":"product_tag-tu","10":"first","11":"instock","12":"sale","13":"shipping-taxable","14":"purchasable","15":"product-type-simple"},"yoast_head":"<!-- This site is optimized with the Yoast SEO plugin v26.6 - https:\/\/yoast.com\/wordpress\/plugins\/seo\/ -->\n<title>T\u1ee7 Gi\u00e0y Ph\u1ed1i M\u00e0u Tr\u1eafng C\u00f3 Ng\u0103n K\u00e9o - N\u1ed9i Th\u1ea5t \u0110\u1eb7ng Ng\u1ecdc<\/title>\n<meta name=\"description\" content=\"T\u1ed5ng h\u1ee3p m\u1eabu T\u1ee7 Gi\u00e0y Th\u00f4ng Minh \u0111a d\u1ea1ng k\u00edch th\u01b0\u1edbc. G\u1ed7 MDF ch\u1ed1ng \u1ea9m, kh\u1eed m\u00f9i hi\u1ec7u qu\u1ea3. Nh\u1eadn \u0111\u00f3ng t\u1ee7 k\u1ecbch tr\u1ea7n gi\u00e1 x\u01b0\u1edfng. B\u1ea3o h\u00e0nh 12 th\u00e1ng LH: 0379.793.956\" \/>\n<meta name=\"robots\" content=\"index, follow, max-snippet:-1, max-image-preview:large, max-video-preview:-1\" \/>\n<link rel=\"canonical\" href=\"https:\/\/noithatdangngoc.com\/index.php\/san-pham\/tu-giay-phoi-mau-trang-co-ngan-keo-noi-that-dang-ngoc\/\" \/>\n<meta property=\"og:locale\" content=\"vi_VN\" \/>\n<meta property=\"og:type\" content=\"article\" \/>\n<meta property=\"og:title\" content=\"T\u1ee7 Gi\u00e0y Ph\u1ed1i M\u00e0u Tr\u1eafng C\u00f3 Ng\u0103n K\u00e9o - N\u1ed9i Th\u1ea5t \u0110\u1eb7ng Ng\u1ecdc\" \/>\n<meta property=\"og:description\" content=\"T\u1ed5ng h\u1ee3p m\u1eabu T\u1ee7 Gi\u00e0y Th\u00f4ng Minh \u0111a d\u1ea1ng k\u00edch th\u01b0\u1edbc. G\u1ed7 MDF ch\u1ed1ng \u1ea9m, kh\u1eed m\u00f9i hi\u1ec7u qu\u1ea3. Nh\u1eadn \u0111\u00f3ng t\u1ee7 k\u1ecbch tr\u1ea7n gi\u00e1 x\u01b0\u1edfng. B\u1ea3o h\u00e0nh 12 th\u00e1ng LH: 0379.793.956\" \/>\n<meta property=\"og:url\" content=\"https:\/\/noithatdangngoc.com\/index.php\/san-pham\/tu-giay-phoi-mau-trang-co-ngan-keo-noi-that-dang-ngoc\/\" \/>\n<meta property=\"og:site_name\" content=\"N\u1ed9i Th\u1ea5t \u0110\u1eb7ng Ng\u1ecdc\" \/>\n<meta property=\"og:image\" content=\"https:\/\/noithatdangngoc.com\/wp-content\/uploads\/2026\/01\/181.png\" \/>\n\t<meta property=\"og:image:width\" content=\"1181\" \/>\n\t<meta property=\"og:image:height\" content=\"1181\" \/>\n\t<meta property=\"og:image:type\" content=\"image\/png\" \/>\n<meta name=\"twitter:card\" content=\"summary_large_image\" \/>\n<meta name=\"twitter:label1\" content=\"\u01af\u1edbc t\u00ednh th\u1eddi gian \u0111\u1ecdc\" \/>\n\t<meta name=\"twitter:data1\" content=\"4 ph\u00fat\" \/>\n<script type=\"application\/ld+json\" class=\"yoast-schema-graph\">{\"@context\":\"https:\/\/schema.org\",\"@graph\":[{\"@type\":\"WebPage\",\"@id\":\"https:\/\/noithatdangngoc.com\/index.php\/san-pham\/tu-giay-phoi-mau-trang-co-ngan-keo-noi-that-dang-ngoc\/\",\"url\":\"https:\/\/noithatdangngoc.com\/index.php\/san-pham\/tu-giay-phoi-mau-trang-co-ngan-keo-noi-that-dang-ngoc\/\",\"name\":\"T\u1ee7 Gi\u00e0y Ph\u1ed1i M\u00e0u Tr\u1eafng C\u00f3 Ng\u0103n K\u00e9o - N\u1ed9i Th\u1ea5t \u0110\u1eb7ng Ng\u1ecdc\",\"isPartOf\":{\"@id\":\"https:\/\/noithatdangngoc.com\/#website\"},\"primaryImageOfPage\":{\"@id\":\"https:\/\/noithatdangngoc.com\/index.php\/san-pham\/tu-giay-phoi-mau-trang-co-ngan-keo-noi-that-dang-ngoc\/#primaryimage\"},\"image\":{\"@id\":\"https:\/\/noithatdangngoc.com\/index.php\/san-pham\/tu-giay-phoi-mau-trang-co-ngan-keo-noi-that-dang-ngoc\/#primaryimage\"},\"thumbnailUrl\":\"https:\/\/noithatdangngoc.com\/wp-content\/uploads\/2026\/01\/181.png\",\"datePublished\":\"2026-01-07T05:43:25+00:00\",\"description\":\"T\u1ed5ng h\u1ee3p m\u1eabu T\u1ee7 Gi\u00e0y Th\u00f4ng Minh \u0111a d\u1ea1ng k\u00edch th\u01b0\u1edbc. G\u1ed7 MDF ch\u1ed1ng \u1ea9m, kh\u1eed m\u00f9i hi\u1ec7u qu\u1ea3. Nh\u1eadn \u0111\u00f3ng t\u1ee7 k\u1ecbch tr\u1ea7n gi\u00e1 x\u01b0\u1edfng. B\u1ea3o h\u00e0nh 12 th\u00e1ng LH: 0379.793.956\",\"breadcrumb\":{\"@id\":\"https:\/\/noithatdangngoc.com\/index.php\/san-pham\/tu-giay-phoi-mau-trang-co-ngan-keo-noi-that-dang-ngoc\/#breadcrumb\"},\"inLanguage\":\"vi\",\"potentialAction\":[{\"@type\":\"ReadAction\",\"target\":[\"https:\/\/noithatdangngoc.com\/index.php\/san-pham\/tu-giay-phoi-mau-trang-co-ngan-keo-noi-that-dang-ngoc\/\"]}]},{\"@type\":\"ImageObject\",\"inLanguage\":\"vi\",\"@id\":\"https:\/\/noithatdangngoc.com\/index.php\/san-pham\/tu-giay-phoi-mau-trang-co-ngan-keo-noi-that-dang-ngoc\/#primaryimage\",\"url\":\"https:\/\/noithatdangngoc.com\/wp-content\/uploads\/2026\/01\/181.png\",\"contentUrl\":\"https:\/\/noithatdangngoc.com\/wp-content\/uploads\/2026\/01\/181.png\",\"width\":1181,\"height\":1181,\"caption\":\"M\u1eabu t\u1ee7 gi\u00e0y th\u00f4ng minh c\u00e1nh l\u1eadt \u0111\u1eb9p hi\u1ec7n \u0111\u1ea1i - N\u1ed9i Th\u1ea5t \u0110\u1eb7ng Ng\u1ecdc\"},{\"@type\":\"BreadcrumbList\",\"@id\":\"https:\/\/noithatdangngoc.com\/index.php\/san-pham\/tu-giay-phoi-mau-trang-co-ngan-keo-noi-that-dang-ngoc\/#breadcrumb\",\"itemListElement\":[{\"@type\":\"ListItem\",\"position\":1,\"name\":\"Trang ch\u1ee7\",\"item\":\"https:\/\/noithatdangngoc.com\/\"},{\"@type\":\"ListItem\",\"position\":2,\"name\":\"C\u1eeda h\u00e0ng\",\"item\":\"https:\/\/noithatdangngoc.com\/index.php\/cua-hang\/\"},{\"@type\":\"ListItem\",\"position\":3,\"name\":\"T\u1ee7 Gi\u00e0y Ph\u1ed1i M\u00e0u Tr\u1eafng C\u00f3 Ng\u0103n K\u00e9o &#8211; N\u1ed9i Th\u1ea5t \u0110\u1eb7ng Ng\u1ecdc\"}]},{\"@type\":\"WebSite\",\"@id\":\"https:\/\/noithatdangngoc.com\/#website\",\"url\":\"https:\/\/noithatdangngoc.com\/\",\"name\":\"N\u1ed9i Th\u1ea5t \u0110\u1eb7ng Ng\u1ecdc\",\"description\":\"\",\"potentialAction\":[{\"@type\":\"SearchAction\",\"target\":{\"@type\":\"EntryPoint\",\"urlTemplate\":\"https:\/\/noithatdangngoc.com\/?s={search_term_string}\"},\"query-input\":{\"@type\":\"PropertyValueSpecification\",\"valueRequired\":true,\"valueName\":\"search_term_string\"}}],\"inLanguage\":\"vi\"}]}<\/script>\n<!-- \/ Yoast SEO plugin. -->","yoast_head_json":{"title":"T\u1ee7 Gi\u00e0y Ph\u1ed1i M\u00e0u Tr\u1eafng C\u00f3 Ng\u0103n K\u00e9o - N\u1ed9i Th\u1ea5t \u0110\u1eb7ng Ng\u1ecdc","description":"T\u1ed5ng h\u1ee3p m\u1eabu T\u1ee7 Gi\u00e0y Th\u00f4ng Minh \u0111a d\u1ea1ng k\u00edch th\u01b0\u1edbc. G\u1ed7 MDF ch\u1ed1ng \u1ea9m, kh\u1eed m\u00f9i hi\u1ec7u qu\u1ea3. Nh\u1eadn \u0111\u00f3ng t\u1ee7 k\u1ecbch tr\u1ea7n gi\u00e1 x\u01b0\u1edfng. B\u1ea3o h\u00e0nh 12 th\u00e1ng LH: 0379.793.956","robots":{"index":"index","follow":"follow","max-snippet":"max-snippet:-1","max-image-preview":"max-image-preview:large","max-video-preview":"max-video-preview:-1"},"canonical":"https:\/\/noithatdangngoc.com\/index.php\/san-pham\/tu-giay-phoi-mau-trang-co-ngan-keo-noi-that-dang-ngoc\/","og_locale":"vi_VN","og_type":"article","og_title":"T\u1ee7 Gi\u00e0y Ph\u1ed1i M\u00e0u Tr\u1eafng C\u00f3 Ng\u0103n K\u00e9o - N\u1ed9i Th\u1ea5t \u0110\u1eb7ng Ng\u1ecdc","og_description":"T\u1ed5ng h\u1ee3p m\u1eabu T\u1ee7 Gi\u00e0y Th\u00f4ng Minh \u0111a d\u1ea1ng k\u00edch th\u01b0\u1edbc. G\u1ed7 MDF ch\u1ed1ng \u1ea9m, kh\u1eed m\u00f9i hi\u1ec7u qu\u1ea3. Nh\u1eadn \u0111\u00f3ng t\u1ee7 k\u1ecbch tr\u1ea7n gi\u00e1 x\u01b0\u1edfng. B\u1ea3o h\u00e0nh 12 th\u00e1ng LH: 0379.793.956","og_url":"https:\/\/noithatdangngoc.com\/index.php\/san-pham\/tu-giay-phoi-mau-trang-co-ngan-keo-noi-that-dang-ngoc\/","og_site_name":"N\u1ed9i Th\u1ea5t \u0110\u1eb7ng Ng\u1ecdc","og_image":[{"width":1181,"height":1181,"url":"https:\/\/noithatdangngoc.com\/wp-content\/uploads\/2026\/01\/181.png","type":"image\/png"}],"twitter_card":"summary_large_image","twitter_misc":{"\u01af\u1edbc t\u00ednh th\u1eddi gian \u0111\u1ecdc":"4 ph\u00fat"},"schema":{"@context":"https:\/\/schema.org","@graph":[{"@type":"WebPage","@id":"https:\/\/noithatdangngoc.com\/index.php\/san-pham\/tu-giay-phoi-mau-trang-co-ngan-keo-noi-that-dang-ngoc\/","url":"https:\/\/noithatdangngoc.com\/index.php\/san-pham\/tu-giay-phoi-mau-trang-co-ngan-keo-noi-that-dang-ngoc\/","name":"T\u1ee7 Gi\u00e0y Ph\u1ed1i M\u00e0u Tr\u1eafng C\u00f3 Ng\u0103n K\u00e9o - N\u1ed9i Th\u1ea5t \u0110\u1eb7ng Ng\u1ecdc","isPartOf":{"@id":"https:\/\/noithatdangngoc.com\/#website"},"primaryImageOfPage":{"@id":"https:\/\/noithatdangngoc.com\/index.php\/san-pham\/tu-giay-phoi-mau-trang-co-ngan-keo-noi-that-dang-ngoc\/#primaryimage"},"image":{"@id":"https:\/\/noithatdangngoc.com\/index.php\/san-pham\/tu-giay-phoi-mau-trang-co-ngan-keo-noi-that-dang-ngoc\/#primaryimage"},"thumbnailUrl":"https:\/\/noithatdangngoc.com\/wp-content\/uploads\/2026\/01\/181.png","datePublished":"2026-01-07T05:43:25+00:00","description":"T\u1ed5ng h\u1ee3p m\u1eabu T\u1ee7 Gi\u00e0y Th\u00f4ng Minh \u0111a d\u1ea1ng k\u00edch th\u01b0\u1edbc. G\u1ed7 MDF ch\u1ed1ng \u1ea9m, kh\u1eed m\u00f9i hi\u1ec7u qu\u1ea3. Nh\u1eadn \u0111\u00f3ng t\u1ee7 k\u1ecbch tr\u1ea7n gi\u00e1 x\u01b0\u1edfng. B\u1ea3o h\u00e0nh 12 th\u00e1ng LH: 0379.793.956","breadcrumb":{"@id":"https:\/\/noithatdangngoc.com\/index.php\/san-pham\/tu-giay-phoi-mau-trang-co-ngan-keo-noi-that-dang-ngoc\/#breadcrumb"},"inLanguage":"vi","potentialAction":[{"@type":"ReadAction","target":["https:\/\/noithatdangngoc.com\/index.php\/san-pham\/tu-giay-phoi-mau-trang-co-ngan-keo-noi-that-dang-ngoc\/"]}]},{"@type":"ImageObject","inLanguage":"vi","@id":"https:\/\/noithatdangngoc.com\/index.php\/san-pham\/tu-giay-phoi-mau-trang-co-ngan-keo-noi-that-dang-ngoc\/#primaryimage","url":"https:\/\/noithatdangngoc.com\/wp-content\/uploads\/2026\/01\/181.png","contentUrl":"https:\/\/noithatdangngoc.com\/wp-content\/uploads\/2026\/01\/181.png","width":1181,"height":1181,"caption":"M\u1eabu t\u1ee7 gi\u00e0y th\u00f4ng minh c\u00e1nh l\u1eadt \u0111\u1eb9p hi\u1ec7n \u0111\u1ea1i - N\u1ed9i Th\u1ea5t \u0110\u1eb7ng Ng\u1ecdc"},{"@type":"BreadcrumbList","@id":"https:\/\/noithatdangngoc.com\/index.php\/san-pham\/tu-giay-phoi-mau-trang-co-ngan-keo-noi-that-dang-ngoc\/#breadcrumb","itemListElement":[{"@type":"ListItem","position":1,"name":"Trang ch\u1ee7","item":"https:\/\/noithatdangngoc.com\/"},{"@type":"ListItem","position":2,"name":"C\u1eeda h\u00e0ng","item":"https:\/\/noithatdangngoc.com\/index.php\/cua-hang\/"},{"@type":"ListItem","position":3,"name":"T\u1ee7 Gi\u00e0y Ph\u1ed1i M\u00e0u Tr\u1eafng C\u00f3 Ng\u0103n K\u00e9o &#8211; N\u1ed9i Th\u1ea5t \u0110\u1eb7ng Ng\u1ecdc"}]},{"@type":"WebSite","@id":"https:\/\/noithatdangngoc.com\/#website","url":"https:\/\/noithatdangngoc.com\/","name":"N\u1ed9i Th\u1ea5t \u0110\u1eb7ng Ng\u1ecdc","description":"","potentialAction":[{"@type":"SearchAction","target":{"@type":"EntryPoint","urlTemplate":"https:\/\/noithatdangngoc.com\/?s={search_term_string}"},"query-input":{"@type":"PropertyValueSpecification","valueRequired":true,"valueName":"search_term_string"}}],"inLanguage":"vi"}]}},"_links":{"self":[{"href":"https:\/\/noithatdangngoc.com\/index.php\/wp-json\/wp\/v2\/product\/1518","targetHints":{"allow":["GET"]}}],"collection":[{"href":"https:\/\/noithatdangngoc.com\/index.php\/wp-json\/wp\/v2\/product"}],"about":[{"href":"https:\/\/noithatdangngoc.com\/index.php\/wp-json\/wp\/v2\/types\/product"}],"replies":[{"embeddable":true,"href":"https:\/\/noithatdangngoc.com\/index.php\/wp-json\/wp\/v2\/comments?post=1518"}],"wp:featuredmedia":[{"embeddable":true,"href":"https:\/\/noithatdangngoc.com\/index.php\/wp-json\/wp\/v2\/media\/1488"}],"wp:attachment":[{"href":"https:\/\/noithatdangngoc.com\/index.php\/wp-json\/wp\/v2\/media?parent=1518"}],"wp:term":[{"taxonomy":"product_brand","embeddable":true,"href":"https:\/\/noithatdangngoc.com\/index.php\/wp-json\/wp\/v2\/product_brand?post=1518"},{"taxonomy":"product_cat","embeddable":true,"href":"https:\/\/noithatdangngoc.com\/index.php\/wp-json\/wp\/v2\/product_cat?post=1518"},{"taxonomy":"product_tag","embeddable":true,"href":"https:\/\/noithatdangngoc.com\/index.php\/wp-json\/wp\/v2\/product_tag?post=1518"}],"curies":[{"name":"wp","href":"https:\/\/api.w.org\/{rel}","templated":true}]}}